{"id":1190,"date":"2023-08-08T00:01:04","date_gmt":"2023-08-07T22:01:04","guid":{"rendered":"http:\/\/cbu.psychologia.pl\/?page_id=1190"},"modified":"2024-11-12T23:21:59","modified_gmt":"2024-11-12T22:21:59","slug":"dominik-puchala","status":"publish","type":"page","link":"http:\/\/cbu.psychologia.pl\/en\/zespol\/dominik-puchala\/","title":{"rendered":"Dominik Pucha\u0142a"},"content":{"rendered":"<div class=\"pbs-main-wrapper\">\n<div class=\"pbs-row\">\n<div class=\"pbs-col\">\n<div><img loading=\"lazy\" class=\"alignnone size-medium wp-image-585 aligncenter\" src=\"http:\/\/cbu.psychologia.pl\/wp-content\/uploads\/sites\/410\/2023\/08\/Dominik-PuchalaCBU-2.png\" alt=\"\" width=\"225\" height=\"300\" data-wp-editing=\"1\" \/><\/div>\n<div style=\"background: #dadada;padding-left: 5px\">\n<h3>Contact information<\/h3>\n<table style=\"width: 94.7909%;height: 117px\">\n<tbody>\n<tr>\n<td style=\"width: 20.4348%\"><span style=\"font-size: 10pt\"><strong>room:<\/strong><\/span><\/td>\n<td style=\"width: 96.0869%\">96<\/td>\n<\/tr>\n<tr>\n<td style=\"width: 20.4348%\"><span style=\"font-size: 10pt\"><strong>office hours:<\/strong><\/span><\/td>\n<td style=\"width: 96.0869%\">Thursday, 02:00-03:30 PM<\/td>\n<\/tr>\n<tr>\n<td style=\"width: 20.4348%\"><span style=\"font-size: 10pt\"><strong>email:<\/strong><\/span><\/td>\n<td style=\"width: 96.0869%\"><span style=\"font-size: 10pt\"><a href=\"mailto:dominik.puchala@psych.uw.edu.pl\">dominik.puchala@psych.uw.edu.pl<\/a><\/span><\/td>\n<\/tr>\n<\/tbody>\n<\/table>\n<\/div>\n<h3 style=\"margin-bottom: 2px\">Current projects<\/h3>\n<ul style=\"margin-left: 0px\">\n<li><a href=\"http:\/\/cbu.psychologia.pl\/projekty\/#strategia\">Strategia asymilacyjna ruchu LGBT+ w Polsce<\/a><\/li>\n<li><a href=\"http:\/\/cbu.psychologia.pl\/projekty\/#Mowa2\">Mowa nienawi\u015bci: Od automatycznej klasyfikacji do zrozumienia dynamiki emocjonalnej<\/a><\/li>\n<li><a href=\"http:\/\/cbu.psychologia.pl\/projekty\/#pledge\">PLEDGE: Politics of Grievance and Democratic Governance<\/a><\/li>\n<\/ul>\n<\/div>\n<div class=\"pbs-col\">\n<h2 style=\"margin: 0px\">Dominik Pucha\u0142a<\/h2>\n<h4 style=\"margin-top: 0px\">PhD student<\/h4>\n<hr \/>\n<h3 style=\"margin-bottom: 1px\">Scientific interests<\/h3>\n<p style=\"text-align: justify;margin-top: 1px\">My research interests focus on three areas: the reclaimed slurs, the emancipatory strategies of the LGBT+ movement, and the activities of the far right in Poland.<\/p>\n<h3 style=\"margin-bottom: 1px\">Social activity<\/h3>\n<p style=\"text-align: justify;margin-top: 1px\">I am an activist and a member of many human rights movements and organizations (I worked for Akcja Demokracja, among others). I co-organize the Equality March in Cz\u0119stochowa.<\/p>\n<\/div>\n<div class=\"pbs-col\">\n<h3 style=\"margin-bottom: 2px\">Selected publications<\/h3>\n<ul style=\"margin-left: 0px\">\n<li><strong>Pucha\u0142a, D.<\/strong>, Bilewicz, M., &amp; \u015awiderska, A. (2024). Reclaiming derogatory language. Self-reports and interbeat intervals. <em>Journal of Language and Social Psychology<\/em>. OnlineFirst. https:\/\/doi.org\/10.1177\/0261927X241299791<\/li>\n<li><strong>Pucha\u0142a, D.<\/strong>, &amp; Hansen, K. (2024). The role of language, appearance, and voice in the social perception of nonbinary individuals. <em>Psychology of Sexual Orientation and Gender Diversity.<\/em>\u00a0Advance online publication.\u00a0https:\/\/doi.org\/10.1037\/sgd0000709<\/li>\n<li><strong>Pucha\u0142a, D.<\/strong>, &amp; Janion, L. (2024). #MeToo in Poland: reactions to public accusations of sexual violence. <i>Feminist Media Studies<\/i>, 1\u201318. https:\/\/doi.org\/10.1080\/14680777.2024.2363864<\/li>\n<li><strong>Pucha\u0142a, D.<\/strong>, &amp; Bilewicz, M. (2023). Sk\u0105d bierze si\u0119 niech\u0119\u0107 do obcych? O grupowych identyfikacjach Polak\u00f3w.\u00a0 <em>Nauka<\/em>, 3, 21-43. https:\/\/doi.org\/10.24425\/nauka.2023.146064<\/li>\n<li><span style=\"font-weight: 400\">Witkowski, P., Woroncow, J., &amp; <strong>Pucha\u0142a, D.<\/strong> (2023). <em>The Polish Independence March as a Contact Hub and a Model for European Extremism<\/em>. Counter Extremism Project (CEP).<\/span><\/li>\n<li>Soral, W., \u015awiderska, A., <strong>Pucha\u0142a, D.<\/strong>, &amp; Bilewicz, M. (2023). Desensitization to hate speech: Examination using heart rate measurement. <em>Aggressive Behavior<\/em>, <em>50<\/em>(1), e22118. https:\/\/doi.org\/10.1002\/ab.22118<\/li>\n<li><strong>Pucha\u0142a, D.<\/strong> (2020). <em>T\u0119czowa Matka Boska, Orze\u0142, Polka Walcz\u0105ca: Emancypacyjne wykorzystywanie symboliki grup wi\u0119kszo\u015bciowych w Polsce<\/em>. Warszawa: Ksi\u0105\u017cka i Prasa.<\/li>\n<\/ul>\n<\/div>\n<\/div>\n\n<\/div>","protected":false},"excerpt":{"rendered":"<p>Contact information room: 96 office hours: Thursday, 02:00-03:30 PM email: dominik.puchala@psych.uw.edu.pl Current projects Strategia asymilacyjna ruchu LGBT+ w Polsce Mowa [&hellip;]<\/p>\n","protected":false},"author":1426,"featured_media":0,"parent":404,"menu_order":0,"comment_status":"closed","ping_status":"closed","template":"","meta":{"_links_to":"","_links_to_target":""},"acf":[],"_links":{"self":[{"href":"http:\/\/cbu.psychologia.pl\/en\/wp-json\/wp\/v2\/pages\/1190"}],"collection":[{"href":"http:\/\/cbu.psychologia.pl\/en\/wp-json\/wp\/v2\/pages"}],"about":[{"href":"http:\/\/cbu.psychologia.pl\/en\/wp-json\/wp\/v2\/types\/page"}],"author":[{"embeddable":true,"href":"http:\/\/cbu.psychologia.pl\/en\/wp-json\/wp\/v2\/users\/1426"}],"replies":[{"embeddable":true,"href":"http:\/\/cbu.psychologia.pl\/en\/wp-json\/wp\/v2\/comments?post=1190"}],"version-history":[{"count":28,"href":"http:\/\/cbu.psychologia.pl\/en\/wp-json\/wp\/v2\/pages\/1190\/revisions"}],"predecessor-version":[{"id":1305,"href":"http:\/\/cbu.psychologia.pl\/en\/wp-json\/wp\/v2\/pages\/1190\/revisions\/1305"}],"up":[{"embeddable":true,"href":"http:\/\/cbu.psychologia.pl\/en\/wp-json\/wp\/v2\/pages\/404"}],"wp:attachment":[{"href":"http:\/\/cbu.psychologia.pl\/en\/wp-json\/wp\/v2\/media?parent=1190"}],"curies":[{"name":"wp","href":"https:\/\/api.w.org\/{rel}","templated":true}]}}