{"id":342,"date":"2020-12-20T15:05:31","date_gmt":"2020-12-20T14:05:31","guid":{"rendered":"http:\/\/cbu.strony.uw.edu.pl\/?page_id=342"},"modified":"2023-10-12T19:06:32","modified_gmt":"2023-10-12T17:06:32","slug":"maria-babinska","status":"publish","type":"page","link":"http:\/\/cbu.psychologia.pl\/en\/zespol\/maria-babinska\/","title":{"rendered":"Maria Babi\u0144ska"},"content":{"rendered":"<div class=\"pbs-main-wrapper\">\n<div class=\"pbs-row\">\n<div class=\"pbs-col\">\n<div><img loading=\"lazy\" class=\"size-medium wp-image-646 aligncenter\" src=\"http:\/\/cbu.psychologia.pl\/wp-content\/uploads\/sites\/410\/2021\/02\/7713-207x300.jpg\" alt=\"\" width=\"207\" height=\"300\" \/><\/div>\n<div><\/div>\n<div style=\"background: #dadada;padding-left: 5px\">\n<h3>Contact<\/h3>\n<table>\n<tbody>\n<tr>\n<td><strong>room:<\/strong><\/td>\n<td>422b<\/td>\n<\/tr>\n<tr>\n<td><strong>office hours:<\/strong><\/td>\n<td>write email to set up a date<\/td>\n<\/tr>\n<tr>\n<td><strong>email:<\/strong><\/td>\n<td><a href=\"mailto:maria.babinska@psych.uw.edu.pl\">maria.babinska@psych.uw.edu.pl<\/a><\/td>\n<\/tr>\n<\/tbody>\n<\/table>\n<\/div>\n<h3 style=\"margin-bottom: 2px\">Current projects<\/h3>\n<ul style=\"margin-left: 0px\">\n<li><a href=\"http:\/\/cbu.psychologia.pl\/en\/projekty\/#rola\">Conspiracy beliefs as radicalization multiplier and system justification myths. PI: Maria Babi\u0144ska<\/a><\/li>\n<\/ul>\n<\/div>\n<div class=\"pbs-col\">\n<h2 style=\"margin: 0px\">Maria Babi\u0144ska<\/h2>\n<h4 style=\"margin-top: 0px\">PhD candidate<\/h4>\n<hr \/>\n<h3 style=\"margin-bottom: 1px\">Zainteresowania<\/h3>\n<p>In my research work, I mainly deal with issues related to the perception of history, in particular Polish-Jewish relations during the Second World War. I am investigating the ambiguity of the concept of a witness to the Holocaust as well as the sources and psychological consequences of this ambiguity. I am also interested in conspiracy theories related to the political world.<\/p>\n<\/div>\n<p>&nbsp;<\/p>\n<div class=\"pbs-col\">\n<h3 style=\"margin-bottom: 2px\">Publications<\/h3>\n<ul style=\"margin-left: 0px\">\n<li><strong>Babi\u0144ska M.,<\/strong> Bilewicz M., Barth M., Fritsche I., (2020) Rola motywacji w reprezentacjach przesz\u0142o\u015bci: Kontrola i moralno\u015b\u0107. w: Kofta M., R\u0119dzio Poczucie kontroli i niepewno\u015b\u0107: konsekwencje dla rozumienia \u015bwiata spo\u0142ecznego. Warszawa: Libri libris.<\/li>\n<li><strong>Babi\u0144ska, M.,<\/strong> Bilewicz M., (2018). Self-sacrifice for ingroup\u2019s history. A Diachronic Perspective. <em>Brain and Behavioral Sciences.<\/em><\/li>\n<li>Bilewicz M., <strong>Babi\u0144ska M.<\/strong> (2018). Bystander, czyli kto? Potoczne wyobra\u017cenia Polak\u00f3w na temat stosunku do \u017byd\u00f3w w czasie okupacji hitlerowskiej. <em>Teksty Drugie 3<\/em>\/2018.<\/li>\n<li>Bilewicz, M., Miko\u0142ajczak, M<strong>.,\u00a0Babinska, M.<\/strong>\u00a0(2017).\u00a0Speaking about the preborn. How specific terms used in the abortion debate reflect attitudes and (de)mentalization.\u00a0<em>Personality and Individual Differences, 111<\/em>,\u00a0256-262.<\/li>\n<\/ul>\n<\/div>\n<\/div>\n\n<\/div>","protected":false},"excerpt":{"rendered":"<p>Contact room: 422b office hours: write email to set up a date email: maria.babinska@psych.uw.edu.pl Current projects Conspiracy beliefs as radicalization [&hellip;]<\/p>\n","protected":false},"author":1144,"featured_media":0,"parent":404,"menu_order":0,"comment_status":"closed","ping_status":"closed","template":"","meta":{"_links_to":"","_links_to_target":""},"acf":[],"_links":{"self":[{"href":"http:\/\/cbu.psychologia.pl\/en\/wp-json\/wp\/v2\/pages\/342"}],"collection":[{"href":"http:\/\/cbu.psychologia.pl\/en\/wp-json\/wp\/v2\/pages"}],"about":[{"href":"http:\/\/cbu.psychologia.pl\/en\/wp-json\/wp\/v2\/types\/page"}],"author":[{"embeddable":true,"href":"http:\/\/cbu.psychologia.pl\/en\/wp-json\/wp\/v2\/users\/1144"}],"replies":[{"embeddable":true,"href":"http:\/\/cbu.psychologia.pl\/en\/wp-json\/wp\/v2\/comments?post=342"}],"version-history":[{"count":10,"href":"http:\/\/cbu.psychologia.pl\/en\/wp-json\/wp\/v2\/pages\/342\/revisions"}],"predecessor-version":[{"id":1225,"href":"http:\/\/cbu.psychologia.pl\/en\/wp-json\/wp\/v2\/pages\/342\/revisions\/1225"}],"up":[{"embeddable":true,"href":"http:\/\/cbu.psychologia.pl\/en\/wp-json\/wp\/v2\/pages\/404"}],"wp:attachment":[{"href":"http:\/\/cbu.psychologia.pl\/en\/wp-json\/wp\/v2\/media?parent=342"}],"curies":[{"name":"wp","href":"https:\/\/api.w.org\/{rel}","templated":true}]}}