{"id":352,"date":"2020-12-20T15:10:18","date_gmt":"2020-12-20T14:10:18","guid":{"rendered":"http:\/\/cbu.strony.uw.edu.pl\/?page_id=352"},"modified":"2021-02-28T19:13:21","modified_gmt":"2021-02-28T18:13:21","slug":"michal-wypych","status":"publish","type":"page","link":"http:\/\/cbu.psychologia.pl\/en\/zespol\/michal-wypych\/","title":{"rendered":"Micha\u0142 Wypych"},"content":{"rendered":"<div class=\"pbs-main-wrapper\">\n<div class=\"pbs-row\">\n<div class=\"pbs-col\">\n<div><img loading=\"lazy\" class=\"wp-image-491 aligncenter\" src=\"http:\/\/cbu.psychologia.pl\/wp-content\/uploads\/sites\/410\/2021\/02\/wypych.jpg\" alt=\"\" width=\"209\" height=\"209\" \/><\/div>\n<div><\/div>\n<div style=\"background: #dadada;padding-left: 5px\">\n<h3>Contact<\/h3>\n<table>\n<tbody>\n<tr>\n<td><strong>room:<\/strong><\/td>\n<td>96<\/td>\n<\/tr>\n<tr>\n<td><strong>office hours:<\/strong><\/td>\n<td>set up a meeting via email<\/td>\n<\/tr>\n<tr>\n<td><strong>email:<\/strong><\/td>\n<td><a href=\"mailto:wiktor.soral@psych.uw.edu.pl\">michal.wypych@psych.uw.edu.pl<\/a><\/td>\n<\/tr>\n<\/tbody>\n<\/table>\n<\/div>\n<h3 style=\"margin-bottom: 2px\">Obecne projekty<\/h3>\n<ul style=\"margin-left: 0px\">\n<li><a href=\"http:\/\/cbu.psychologia.pl\/en\/projekty\/#mowa\">Speech of contempt. Psychological mechanisms of the spread of verbal aggression towards minority groups.<\/a><\/li>\n<li><a href=\"http:\/\/cbu.psychologia.pl\/en\/projekty\">Language as a cure: linguistic vitality as a tool\u2028 for psychological well-being, health and economic sustainability.<\/a><\/li>\n<\/ul>\n<\/div>\n<div class=\"pbs-col\">\n<h2 style=\"margin: 0px\">Micha\u0142 Wypych, MA<\/h2>\n<h4 style=\"margin-top: 0px\">Phd candidate<\/h4>\n<hr \/>\n<h3 style=\"margin-bottom: 1px\">Research interests<\/h3>\n<p>My current research interests focus on the role of language and emotions in intergroup relations. I study emotions, especially positive, elicited by exposure to hate speech. I\u2019m interested in when such emotion appear and what feeling them can lead to. I\u2019m also interested in studying factors influencing the wellbeing of minoritized groups. I also study effects of exposure to hate speech and experiencing discrimination on mental health and wellbeing of minoritized groups.<\/p>\n<\/div>\n<div class=\"pbs-col\">\n<h3 style=\"margin-bottom: 2px\">Recent publications<\/h3>\n<ul style=\"margin-left: 0px\">\n<li>Wypych M., Zochniak K., &amp; Bilewicz, M. (2020). Mowa nienawi\u015bci jako stygmatyzacja. Do\u015bwiadczenie kontaktu z mow\u0105 nienawi\u015bci w\u015br\u00f3d imigrant\u00f3w w Polsce oraz student\u00f3w z zagranicy. <em>Kultura i Spo\u0142ecze\u0144stwo<\/em>, 3, 199-219.<\/li>\n<li>Olko J., Hansen K., Wypych M., Kuzawi\u0144ska O., Bandur, M. (2020). From discouragement to self-empowerment. Insights from an ethnolinguistic survey among the Kashubs in Poland, <em>PLoS ONE<\/em>, 15(8): 1-23.<\/li>\n<\/ul>\n<\/div>\n<\/div>\n\n<\/div>","protected":false},"excerpt":{"rendered":"<p>Contact room: 96 office hours: set up a meeting via email email: michal.wypych@psych.uw.edu.pl Obecne projekty Speech of contempt. Psychological mechanisms [&hellip;]<\/p>\n","protected":false},"author":1144,"featured_media":0,"parent":404,"menu_order":0,"comment_status":"closed","ping_status":"closed","template":"","meta":{"_links_to":"","_links_to_target":""},"acf":[],"_links":{"self":[{"href":"http:\/\/cbu.psychologia.pl\/en\/wp-json\/wp\/v2\/pages\/352"}],"collection":[{"href":"http:\/\/cbu.psychologia.pl\/en\/wp-json\/wp\/v2\/pages"}],"about":[{"href":"http:\/\/cbu.psychologia.pl\/en\/wp-json\/wp\/v2\/types\/page"}],"author":[{"embeddable":true,"href":"http:\/\/cbu.psychologia.pl\/en\/wp-json\/wp\/v2\/users\/1144"}],"replies":[{"embeddable":true,"href":"http:\/\/cbu.psychologia.pl\/en\/wp-json\/wp\/v2\/comments?post=352"}],"version-history":[{"count":8,"href":"http:\/\/cbu.psychologia.pl\/en\/wp-json\/wp\/v2\/pages\/352\/revisions"}],"predecessor-version":[{"id":937,"href":"http:\/\/cbu.psychologia.pl\/en\/wp-json\/wp\/v2\/pages\/352\/revisions\/937"}],"up":[{"embeddable":true,"href":"http:\/\/cbu.psychologia.pl\/en\/wp-json\/wp\/v2\/pages\/404"}],"wp:attachment":[{"href":"http:\/\/cbu.psychologia.pl\/en\/wp-json\/wp\/v2\/media?parent=352"}],"curies":[{"name":"wp","href":"https:\/\/api.w.org\/{rel}","templated":true}]}}