{"id":45,"date":"2020-09-28T20:24:29","date_gmt":"2020-09-28T18:24:29","guid":{"rendered":"http:\/\/cbu.strony.uw.edu.pl\/?page_id=45"},"modified":"2021-02-20T15:02:36","modified_gmt":"2021-02-20T14:02:36","slug":"raporty","status":"publish","type":"page","link":"http:\/\/cbu.psychologia.pl\/en\/raporty\/","title":{"rendered":"REPORTS"},"content":{"rendered":"<div class=\"pbs-main-wrapper\">&nbsp;<\/p>\n<a href=\"http:\/\/cbu.psychologia.pl\/raporty\/chronologicznie\" class=\"su-button su-button-style-default su-button-wide\" style=\"color:#F2F2F2;background-color:#c6c7c7;border-color:#9fa0a0;border-radius:12px;-moz-border-radius:12px;-webkit-border-radius:12px\" target=\"_blank\" rel=\"noopener noreferrer\"><span style=\"color:#F2F2F2;padding:0px 30px;font-size:22px;line-height:44px;border-color:#d8d8d8;border-radius:12px;-moz-border-radius:12px;-webkit-border-radius:12px;text-shadow:none;-moz-text-shadow:none;-webkit-text-shadow:none\"> Raporty uporz\u0105dkowane wed\u0142ug daty wydania<\/span><\/a>\n<p>&nbsp;<\/p>\n<a href=\"http:\/\/cbu.psychologia.pl\/raporty\/tematycznie\" class=\"su-button su-button-style-default su-button-wide\" style=\"color:#F2F2F2;background-color:#c6c7c7;border-color:#9fa0a0;border-radius:12px;-moz-border-radius:12px;-webkit-border-radius:12px\" target=\"_blank\" rel=\"noopener noreferrer\"><span style=\"color:#F2F2F2;padding:0px 30px;font-size:22px;line-height:44px;border-color:#d8d8d8;border-radius:12px;-moz-border-radius:12px;-webkit-border-radius:12px;text-shadow:none;-moz-text-shadow:none;-webkit-text-shadow:none\"> Raporty uporz\u0105dkowane wed\u0142ug temat\u00f3w<\/span><\/a>\n\n\n<div class=\"su-posts su-posts-default-loop\">\n\n\t\t\t<h4>Wpis\u00f3w nie znaleziono<\/h4>\n\t\n<\/div>\n\n<\/div>","protected":false},"excerpt":{"rendered":"<p>&nbsp; &nbsp;<\/p>\n","protected":false},"author":1144,"featured_media":0,"parent":0,"menu_order":0,"comment_status":"closed","ping_status":"closed","template":"","meta":{"_links_to":"","_links_to_target":""},"acf":[],"_links":{"self":[{"href":"http:\/\/cbu.psychologia.pl\/en\/wp-json\/wp\/v2\/pages\/45"}],"collection":[{"href":"http:\/\/cbu.psychologia.pl\/en\/wp-json\/wp\/v2\/pages"}],"about":[{"href":"http:\/\/cbu.psychologia.pl\/en\/wp-json\/wp\/v2\/types\/page"}],"author":[{"embeddable":true,"href":"http:\/\/cbu.psychologia.pl\/en\/wp-json\/wp\/v2\/users\/1144"}],"replies":[{"embeddable":true,"href":"http:\/\/cbu.psychologia.pl\/en\/wp-json\/wp\/v2\/comments?post=45"}],"version-history":[{"count":34,"href":"http:\/\/cbu.psychologia.pl\/en\/wp-json\/wp\/v2\/pages\/45\/revisions"}],"predecessor-version":[{"id":816,"href":"http:\/\/cbu.psychologia.pl\/en\/wp-json\/wp\/v2\/pages\/45\/revisions\/816"}],"wp:attachment":[{"href":"http:\/\/cbu.psychologia.pl\/en\/wp-json\/wp\/v2\/media?parent=45"}],"curies":[{"name":"wp","href":"https:\/\/api.w.org\/{rel}","templated":true}]}}